{"id":368,"date":"2022-02-24T13:12:45","date_gmt":"2022-02-24T11:12:45","guid":{"rendered":"http:\/\/localhost\/paivitysfinnishtimberhouse\/die-finnische-massivholzhausindustrie\/"},"modified":"2022-08-03T09:34:14","modified_gmt":"2022-08-03T06:34:14","slug":"finska-massiva-timmerhus","status":"publish","type":"page","link":"https:\/\/www.finnishtimberhouse.com\/sv\/","title":{"rendered":"F\u00f6rstasida"},"content":{"rendered":"","protected":false},"excerpt":{"rendered":"","protected":false},"author":1,"featured_media":244,"parent":0,"menu_order":0,"comment_status":"closed","ping_status":"closed","template":"page-templates\/front-page.php","meta":{"_acf_changed":false,"footnotes":""},"class_list":["post-368","page","type-page","status-publish","has-post-thumbnail","hentry"],"acf":[],"yoast_head":"<!-- This site is optimized with the Yoast SEO plugin v27.5 - https:\/\/yoast.com\/product\/yoast-seo-wordpress\/ -->\n<title>Varf\u00f6r v\u00e4lja ett finskt massivt timmerhus?<\/title>\n<meta name=\"description\" content=\"Finska hus av massivt tr\u00e4 \u00e4r moderna hus med alla bekv\u00e4mligheter, som \u00e4ven passar in i stadsmilj\u00f6er.\" \/>\n<meta name=\"robots\" content=\"index, follow, max-snippet:-1, max-image-preview:large, max-video-preview:-1\" \/>\n<link rel=\"canonical\" href=\"https:\/\/www.finnishtimberhouse.com\/sv\/\" \/>\n<meta property=\"og:locale\" content=\"sv_SE\" \/>\n<meta property=\"og:type\" content=\"article\" \/>\n<meta property=\"og:title\" content=\"Varf\u00f6r v\u00e4lja ett finskt massivt timmerhus?\" \/>\n<meta property=\"og:description\" content=\"Finska hus av massivt tr\u00e4 \u00e4r moderna hus med alla bekv\u00e4mligheter, som \u00e4ven passar in i stadsmilj\u00f6er.\" \/>\n<meta property=\"og:url\" content=\"https:\/\/www.finnishtimberhouse.com\/sv\/\" \/>\n<meta property=\"og:site_name\" content=\"Massivholzhaus\" \/>\n<meta property=\"article:modified_time\" content=\"2022-08-03T06:34:14+00:00\" \/>\n<meta property=\"og:image\" content=\"https:\/\/www.finnishtimberhouse.com\/wp-content\/uploads\/2022\/04\/honkarakenne-4.jpg\" \/>\n\t<meta property=\"og:image:width\" content=\"1872\" \/>\n\t<meta property=\"og:image:height\" content=\"1138\" \/>\n\t<meta property=\"og:image:type\" content=\"image\/jpeg\" \/>\n<meta name=\"twitter:card\" content=\"summary_large_image\" \/>\n<script type=\"application\/ld+json\" class=\"yoast-schema-graph\">{\"@context\":\"https:\\\/\\\/schema.org\",\"@graph\":[{\"@type\":\"WebPage\",\"@id\":\"https:\\\/\\\/www.finnishtimberhouse.com\\\/sv\\\/\",\"url\":\"https:\\\/\\\/www.finnishtimberhouse.com\\\/sv\\\/\",\"name\":\"Varf\u00f6r v\u00e4lja ett finskt massivt timmerhus?\",\"isPartOf\":{\"@id\":\"https:\\\/\\\/www.finnishtimberhouse.com\\\/#website\"},\"primaryImageOfPage\":{\"@id\":\"https:\\\/\\\/www.finnishtimberhouse.com\\\/sv\\\/#primaryimage\"},\"image\":{\"@id\":\"https:\\\/\\\/www.finnishtimberhouse.com\\\/sv\\\/#primaryimage\"},\"thumbnailUrl\":\"https:\\\/\\\/www.finnishtimberhouse.com\\\/wp-content\\\/uploads\\\/2022\\\/04\\\/honkarakenne-4.jpg\",\"datePublished\":\"2022-02-24T11:12:45+00:00\",\"dateModified\":\"2022-08-03T06:34:14+00:00\",\"description\":\"Finska hus av massivt tr\u00e4 \u00e4r moderna hus med alla bekv\u00e4mligheter, som \u00e4ven passar in i stadsmilj\u00f6er.\",\"breadcrumb\":{\"@id\":\"https:\\\/\\\/www.finnishtimberhouse.com\\\/sv\\\/#breadcrumb\"},\"inLanguage\":\"sv-SE\",\"potentialAction\":[{\"@type\":\"ReadAction\",\"target\":[\"https:\\\/\\\/www.finnishtimberhouse.com\\\/sv\\\/\"]}]},{\"@type\":\"ImageObject\",\"inLanguage\":\"sv-SE\",\"@id\":\"https:\\\/\\\/www.finnishtimberhouse.com\\\/sv\\\/#primaryimage\",\"url\":\"https:\\\/\\\/www.finnishtimberhouse.com\\\/wp-content\\\/uploads\\\/2022\\\/04\\\/honkarakenne-4.jpg\",\"contentUrl\":\"https:\\\/\\\/www.finnishtimberhouse.com\\\/wp-content\\\/uploads\\\/2022\\\/04\\\/honkarakenne-4.jpg\",\"width\":1872,\"height\":1138},{\"@type\":\"BreadcrumbList\",\"@id\":\"https:\\\/\\\/www.finnishtimberhouse.com\\\/sv\\\/#breadcrumb\",\"itemListElement\":[{\"@type\":\"ListItem\",\"position\":1,\"name\":\"Etusivu\",\"item\":\"https:\\\/\\\/www.finnishtimberhouse.com\\\/sv\\\/\"},{\"@type\":\"ListItem\",\"position\":2,\"name\":\"F\u00f6rstasida\"}]},{\"@type\":\"WebSite\",\"@id\":\"https:\\\/\\\/www.finnishtimberhouse.com\\\/#website\",\"url\":\"https:\\\/\\\/www.finnishtimberhouse.com\\\/\",\"name\":\"Massivholzhaus\",\"description\":\"Finnische Massivholzh\u00e4user\",\"potentialAction\":[{\"@type\":\"SearchAction\",\"target\":{\"@type\":\"EntryPoint\",\"urlTemplate\":\"https:\\\/\\\/www.finnishtimberhouse.com\\\/?s={search_term_string}\"},\"query-input\":{\"@type\":\"PropertyValueSpecification\",\"valueRequired\":true,\"valueName\":\"search_term_string\"}}],\"inLanguage\":\"sv-SE\"}]}<\/script>\n<!-- \/ Yoast SEO plugin. -->","yoast_head_json":{"title":"Varf\u00f6r v\u00e4lja ett finskt massivt timmerhus?","description":"Finska hus av massivt tr\u00e4 \u00e4r moderna hus med alla bekv\u00e4mligheter, som \u00e4ven passar in i stadsmilj\u00f6er.","robots":{"index":"index","follow":"follow","max-snippet":"max-snippet:-1","max-image-preview":"max-image-preview:large","max-video-preview":"max-video-preview:-1"},"canonical":"https:\/\/www.finnishtimberhouse.com\/sv\/","og_locale":"sv_SE","og_type":"article","og_title":"Varf\u00f6r v\u00e4lja ett finskt massivt timmerhus?","og_description":"Finska hus av massivt tr\u00e4 \u00e4r moderna hus med alla bekv\u00e4mligheter, som \u00e4ven passar in i stadsmilj\u00f6er.","og_url":"https:\/\/www.finnishtimberhouse.com\/sv\/","og_site_name":"Massivholzhaus","article_modified_time":"2022-08-03T06:34:14+00:00","og_image":[{"width":1872,"height":1138,"url":"https:\/\/www.finnishtimberhouse.com\/wp-content\/uploads\/2022\/04\/honkarakenne-4.jpg","type":"image\/jpeg"}],"twitter_card":"summary_large_image","schema":{"@context":"https:\/\/schema.org","@graph":[{"@type":"WebPage","@id":"https:\/\/www.finnishtimberhouse.com\/sv\/","url":"https:\/\/www.finnishtimberhouse.com\/sv\/","name":"Varf\u00f6r v\u00e4lja ett finskt massivt timmerhus?","isPartOf":{"@id":"https:\/\/www.finnishtimberhouse.com\/#website"},"primaryImageOfPage":{"@id":"https:\/\/www.finnishtimberhouse.com\/sv\/#primaryimage"},"image":{"@id":"https:\/\/www.finnishtimberhouse.com\/sv\/#primaryimage"},"thumbnailUrl":"https:\/\/www.finnishtimberhouse.com\/wp-content\/uploads\/2022\/04\/honkarakenne-4.jpg","datePublished":"2022-02-24T11:12:45+00:00","dateModified":"2022-08-03T06:34:14+00:00","description":"Finska hus av massivt tr\u00e4 \u00e4r moderna hus med alla bekv\u00e4mligheter, som \u00e4ven passar in i stadsmilj\u00f6er.","breadcrumb":{"@id":"https:\/\/www.finnishtimberhouse.com\/sv\/#breadcrumb"},"inLanguage":"sv-SE","potentialAction":[{"@type":"ReadAction","target":["https:\/\/www.finnishtimberhouse.com\/sv\/"]}]},{"@type":"ImageObject","inLanguage":"sv-SE","@id":"https:\/\/www.finnishtimberhouse.com\/sv\/#primaryimage","url":"https:\/\/www.finnishtimberhouse.com\/wp-content\/uploads\/2022\/04\/honkarakenne-4.jpg","contentUrl":"https:\/\/www.finnishtimberhouse.com\/wp-content\/uploads\/2022\/04\/honkarakenne-4.jpg","width":1872,"height":1138},{"@type":"BreadcrumbList","@id":"https:\/\/www.finnishtimberhouse.com\/sv\/#breadcrumb","itemListElement":[{"@type":"ListItem","position":1,"name":"Etusivu","item":"https:\/\/www.finnishtimberhouse.com\/sv\/"},{"@type":"ListItem","position":2,"name":"F\u00f6rstasida"}]},{"@type":"WebSite","@id":"https:\/\/www.finnishtimberhouse.com\/#website","url":"https:\/\/www.finnishtimberhouse.com\/","name":"Massivholzhaus","description":"Finnische Massivholzh\u00e4user","potentialAction":[{"@type":"SearchAction","target":{"@type":"EntryPoint","urlTemplate":"https:\/\/www.finnishtimberhouse.com\/?s={search_term_string}"},"query-input":{"@type":"PropertyValueSpecification","valueRequired":true,"valueName":"search_term_string"}}],"inLanguage":"sv-SE"}]}},"_links":{"self":[{"href":"https:\/\/www.finnishtimberhouse.com\/sv\/wp-json\/wp\/v2\/pages\/368","targetHints":{"allow":["GET"]}}],"collection":[{"href":"https:\/\/www.finnishtimberhouse.com\/sv\/wp-json\/wp\/v2\/pages"}],"about":[{"href":"https:\/\/www.finnishtimberhouse.com\/sv\/wp-json\/wp\/v2\/types\/page"}],"author":[{"embeddable":true,"href":"https:\/\/www.finnishtimberhouse.com\/sv\/wp-json\/wp\/v2\/users\/1"}],"replies":[{"embeddable":true,"href":"https:\/\/www.finnishtimberhouse.com\/sv\/wp-json\/wp\/v2\/comments?post=368"}],"version-history":[{"count":7,"href":"https:\/\/www.finnishtimberhouse.com\/sv\/wp-json\/wp\/v2\/pages\/368\/revisions"}],"predecessor-version":[{"id":447,"href":"https:\/\/www.finnishtimberhouse.com\/sv\/wp-json\/wp\/v2\/pages\/368\/revisions\/447"}],"wp:featuredmedia":[{"embeddable":true,"href":"https:\/\/www.finnishtimberhouse.com\/sv\/wp-json\/wp\/v2\/media\/244"}],"wp:attachment":[{"href":"https:\/\/www.finnishtimberhouse.com\/sv\/wp-json\/wp\/v2\/media?parent=368"}],"curies":[{"name":"wp","href":"https:\/\/api.w.org\/{rel}","templated":true}]}}