{"id":387,"date":"2022-05-04T15:19:16","date_gmt":"2022-05-04T12:19:16","guid":{"rendered":"http:\/\/localhost\/paivitysfinnishtimberhouse\/datensicherung\/"},"modified":"2022-07-27T15:24:35","modified_gmt":"2022-07-27T12:24:35","slug":"data-protection","status":"publish","type":"page","link":"https:\/\/www.finnishtimberhouse.com\/en\/data-protection\/","title":{"rendered":"Data protection"},"content":{"rendered":"\n<h2 class=\"wp-block-heading\">Datenschutzerkl\u00e4rung des Blockhausindustrieverbandes Hirsitaloteollisuus ry<\/h2>\n\n\n\n<p>Die registerf\u00fchrende Stelle hat laut der Datenschutzverordnung die Pflicht, die registrierten Personen verst\u00e4ndlich zu informieren. Diese Erkl\u00e4rung erf\u00fcllt die Informationspflicht.<\/p>\n\n\n\n<h3 class=\"wp-block-heading\">1. Registerf\u00fchrende Stelle<\/h3>\n\n\n\n<p>Hirsitaloteollisuus ry (1088918-1)<br>Seppo Romppainen<br>Kohverontie 10<br>FI \u2013 88610 Vuokatti<br>info@hirsikoti.fi<\/p>\n\n\n\n<p>Die Kontaktdaten des Datenschutzbeauftragten und der registerf\u00fchrenden Stelle finden Sie oben.<\/p>\n\n\n\n<h3 class=\"wp-block-heading\">2. Registrierte Personen<\/h3>\n\n\n\n<p>Mitglieder<br>F\u00f6rdermitglieder<br>Abonnenten des Newsletters des Verbandes<br>Personen, die die Umfragen und Formulare beantwortet haben<\/p>\n\n\n\n<h3 class=\"wp-block-heading\">3. Nutzungszweck der personenbezogenen Daten<\/h3>\n\n\n\n<p>Grund f\u00fcr die Eintragung im Register:<\/p>\n\n\n\n<ul class=\"wp-block-list\"><li>Mitgliedschaft<\/li><li>F\u00f6rdermitgliedschaft<\/li><li>Antrag auf Mitgliedschaft\/F\u00f6rdermitgliedschaft<\/li><li>Newsletter-Bestellung<\/li><li>Teilnahme an Umfragen<\/li><li>Aktualisierungen der Websites und der sozialen Medien<\/li><li>Marketing und Verbreitung von auf den Massivholzbau bezogenen Informationen<\/li><\/ul>\n\n\n\n<p>\u00a7 11 des Vereinigungsgesetzes.<\/p>\n\n\n\n<h4 class=\"wp-block-heading\">Zweck des Registers und der Bearbeitung der personenbezogenen Daten<\/h4>\n\n\n\n<p>Personenbezogene Daten werden zu im Voraus festgelegten Zwecken bearbeitet, dies sind folgende:<\/p>\n\n\n\n<ul class=\"wp-block-list\"><li>Abwicklung von auf die Mitgliedschaft und F\u00f6rdermitgliedschaft bezogenen Angelegenheiten<\/li><li>Bearbeitung von Antr\u00e4gen auf Mitgliedschaft\/F\u00f6rdermitgliedschaft<\/li><li>Versenden von gesetzlich vorgeschriebenen und satzungsgem\u00e4\u00dfen Einladungen und Informationen<\/li><li>Bekundungen von Ehrungen und Anerkennungen<\/li><li>Information \u00fcber die Arbeit und die Branche der Hirsitaloteollisuus ry<\/li><li>Kommunikation, u. a. direkte Kommunikation mit den Abonnenten des Newsletters des Verbandes<\/li><li>Meinungs- und \u00e4hnliche Umfragen. Die mithilfe von Umfragen erhaltenen Daten werden den Mitgliedern und F\u00f6rdermitgliedern \u00fcbermittelt und f\u00fcr die Planung, Entwicklung und Kontrolle sowie zu anderen \u00e4hnlichen sachlichen Zwecken der Arbeit des Verbandes in den verschiedenen Teilbereichen verwendet.<\/li><\/ul>\n\n\n\n<h3 class=\"wp-block-heading\">4. In den Registern zu speichernde personenbezogene Daten<\/h3>\n\n\n\n<p>Das Register der Mitglieder und F\u00f6rdermitglieder enth\u00e4lt folgende Daten der Mitglieder entsprechend der Gruppierung:<\/p>\n\n\n\n<ul class=\"wp-block-list\"><li>Firmenname<\/li><li>Vor- und Zuname des\/der Ansprechpartner(s)<\/li><li>Position des\/der Ansprechpartner(s)<\/li><li>E-Mail des\/der Ansprechpartner(s)<\/li><li>Mobiltelefonnummer der Personen<\/li><li>Anschrift des Unternehmens.<\/li><\/ul>\n\n\n\n<p><br>Die f\u00fcr Marketing, Kommunikation, Umfragen und Meinungsumfragen genutzten personenbezogenen Daten k\u00f6nnen folgende Informationen beinhalten:<\/p>\n\n\n\n<ul class=\"wp-block-list\"><li>Vor- und Zuname<\/li><li>E-Mail-Adresse<\/li><li>Telefonnummer<\/li><li>Name der Organisation und Position innerhalb der Organisation<\/li><li>Sprache und Wohnsitzland<\/li><\/ul>\n\n\n\n<h3 class=\"wp-block-heading\">5. Rechte von registrierten Personen<\/h3>\n\n\n\n<p>Die registrierte Person hat folgende Rechte, hinsichtlich deren Anwendung sie sich an folgende Adresse wenden muss:<br>Hirsitaloteollisuus ry<br>Seppo Romppainen,<br>Kohverontie 10,<br>88610 Vuokatti, Finnland<br>Tel. +358 50&nbsp;376 5901,<br>info@hirsikoti.fi<\/p>\n\n\n\n<h4 class=\"wp-block-heading\">Recht auf Pr\u00fcfung<\/h4>\n\n\n\n<p>Die registrierte Person kann die von uns abgespeicherten personenbezogenen Daten pr\u00fcfen.<\/p>\n\n\n\n<h4 class=\"wp-block-heading\">Recht auf Richtigstellung von Daten<\/h4>\n\n\n\n<p>Die registrierte Person kann darum bitten, die auf sie bezogenen fehlerhafte oder fehlende Daten korrigieren zu lassen.<\/p>\n\n\n\n<h4 class=\"wp-block-heading\">Widerspruchsrecht<\/h4>\n\n\n\n<p>Die registrierte Person kann der Bearbeitung der personenbezogenen Daten widersprechen, wenn sie der Meinung ist, dass die Bearbeitung der personenbezogenen Daten rechtswidrig ist.<\/p>\n\n\n\n<h4 class=\"wp-block-heading\">Direktvermarktungsverbot<\/h4>\n\n\n\n<p>Die registrierte Person hat das Recht zu untersagen, dass ihre Daten f\u00fcr das Marketing oder Direktmarketing verwendet werden.<\/p>\n\n\n\n<h4 class=\"wp-block-heading\">Recht auf L\u00f6schung<\/h4>\n\n\n\n<p>Die registrierte Person hat das Recht, ihre Daten l\u00f6schen zu lassen, wenn die Bearbeitung der Daten nicht erforderlich ist. Wir bearbeiten die Bitte um L\u00f6schung, wonach wir die Daten entweder l\u00f6schen oder begr\u00fcnden, warum die Daten nicht gel\u00f6scht werden k\u00f6nnen.<\/p>\n\n\n\n<p>Es ist zu ber\u00fccksichtigen, dass die registerf\u00fchrende Stelle gesetzlich dazu verpflichtet sein kann oder anderweitig das Recht hat, die erbetenen Daten nicht zu l\u00f6schen. Die registerf\u00fchrende Stelle hat die Pflicht, das Buchhaltungsmaterial gem\u00e4\u00df der im Buchhaltungsgesetz (\u00a7 10, Absatz 2) festgelegten Dauer (10 Jahre) aufzubewahren. Aus diesem Grund kann das auf die Buchhaltung bezogene Material nicht vor Ablauf der Frist gel\u00f6scht werden.<\/p>\n\n\n\n<h4 class=\"wp-block-heading\">Widerruf des Einverst\u00e4ndnisses<\/h4>\n\n\n\n<p>Wenn die Bearbeitung der personenbezogenen Daten der registrierten Person ausschlie\u00dflich auf einem Einverst\u00e4ndnis beruht, und nicht beispielsweise auf Kundenbeziehung oder Mitgliedschaft, kann die registrierte Person ihr Einverst\u00e4ndnis widerrufen.<\/p>\n\n\n\n<h4 class=\"wp-block-heading\">Die registrierte Person kann die Entscheidung beim Datenschutzbeauftragten anfechten<\/h4>\n\n\n\n<p>Die registrierte Person hat das Recht zu verlangen, die Bearbeitung der strittigen Daten solange auszusetzen, bis diese Angelegenheit gekl\u00e4rt ist.<\/p>\n\n\n\n<h4 class=\"wp-block-heading\">Beschwerderecht<\/h4>\n\n\n\n<p>Die registrierte Person hat das Recht, sich beim Datenschutzbeauftragten zu beschweren, wenn sie der Meinung ist, dass wir bei der Bearbeitung der personenbezogenen Daten die g\u00fcltige Datenschutzgesetzgebung verletzen.<\/p>\n\n\n\n<p>Kontaktdaten des Datenschutzbeauftragten: https:\/\/tietosuoja.fi\/en\/contact-information (englisch), www.tietosuoja.fi\/fi\/index\/yhteystiedot.html (finnisch)<\/p>\n\n\n\n<h3 class=\"wp-block-heading\">6. Regul\u00e4re Datenquellen<\/h3>\n\n\n\n<p>Die Daten f\u00fcr das Register werden folgenderma\u00dfen erhoben:<\/p>\n\n\n\n<ul class=\"wp-block-list\"><li>\u00dcber das von den Mitgliedern und F\u00f6rdermitgliedern ausgef\u00fcllte Formular<\/li><li>\u00dcber das von den F\u00f6rdermitgliedern ausgef\u00fcllte Formular oder das bez\u00fcglich des Antrags auf F\u00f6rdermitgliedschaft ausgef\u00fcllte Formular<\/li><li>\u00dcber eine eigene Nachricht des Registrierungswilligen z. B. \u00fcber die Formulare auf den Websites www.hirsikoti.fi und www.finnishtimberhouse.com<\/li><li>\u00dcber die M\u00f6glichkeit einen Newsletter zu bestellen, werden die potentiellen Abonnenten bei unterschiedlichen Treffen, Veranstaltungen, Telefongespr\u00e4chen, auf den sozialen Medien oder in\/bei \u00e4hnlichen Situationen bzw. Kontaktaufnahmen informiert.<\/li><\/ul>\n\n\n\n<p>Die Daten stammen aus der EU.<\/p>\n\n\n\n<h3 class=\"wp-block-heading\">7. Regul\u00e4re Freigabe von Daten<\/h3>\n\n\n\n<p>Der Verband erwirbt Leistungen von externen Dienstleistern f\u00fcr die Information, Kommunikation und die Erstellung von Umfragen. Wir tragen per Vertrag daf\u00fcr Sorge, dass sich die Dienstleister an die Einhaltung der Bestimmungen der Datenschutzverordnung binden und dass die personenbezogenen Daten nur f\u00fcr die im Voraus genannten Zwecke verwendet werden.<\/p>\n\n\n\n<p>Daten werden nicht f\u00fcr Werbe-, Marketing- oder Kommunikationszwecke freigegeben.<\/p>\n\n\n\n<h3 class=\"wp-block-heading\">8. Dauer der Bearbeitung<\/h3>\n\n\n\n<p>Allgemeine Grunds\u00e4tze bez\u00fcglich der Dauer der Archivierung und Bearbeitung von Daten:<\/p>\n\n\n\n<ul class=\"wp-block-list\"><li>Die personenbezogenen Daten von Mitgliedern und F\u00f6rdermitgliedern werden grunds\u00e4tzlich ab Abgabe des Antrags auf Mitgliedschaft bis zur Beendigung der Mitgliedschaft oder bis zur Ablehnung des Antrags auf Mitgliedschaft bearbeitet<\/li><li>Eine registrierte Person kann sich selbst \u00fcber jede E-Mail oder \u00fcber die Formulare unter den URLs www.hirsikoti.fi und www.finnishtimberhouse.com von unserer Kommunikations- und Informationsliste l\u00f6schen<\/li><\/ul>\n\n\n\n<h3 class=\"wp-block-heading\">9. Sachbearbeiter f\u00fcr personenbezogene Daten<\/h3>\n\n\n\n<p>Die Daten werden ausschlie\u00dflich von separat angef\u00fchrten Personen bearbeitet, zu deren T\u00e4tigkeitsbild die Bearbeitung der Daten des Kunden- und Marketingregisters z\u00e4hlt.<\/p>\n\n\n\n<h3 class=\"wp-block-heading\">10. Daten\u00fcbertragung an Orte au\u00dferhalb der EU<\/h3>\n\n\n\n<p>Personenbezogene Daten werden nicht an Orte au\u00dferhalb der EU oder des Europ\u00e4ischen Wirtschaftsraumes \u00fcbertragen.<\/p>\n\n\n\n<h3 class=\"wp-block-heading\">11. Automatisierte Entscheidungsfindung und Profiling<\/h3>\n\n\n\n<p>Wir verwenden die Daten nicht f\u00fcr die automatisierte Entscheidungsfindung oder Profiling.<\/p>\n\n\n\n<h3 class=\"wp-block-heading\">12. Grunds\u00e4tze des Registerschutzes<\/h3>\n\n\n\n<p>Das von uns verwendete Datennetz und die Anlage sind per Firewall und mit anderen erforderlichen technischen Ma\u00dfnahmen gesichert. Wir tragen \u00fcber Vertr\u00e4ge daf\u00fcr Sorge, dass die von uns verwendeten Datennetzwerke und Anlagen der Dienstleister auf die oben beschriebene Weise gesch\u00fctzt sind.<\/p>\n","protected":false},"excerpt":{"rendered":"<p>Datenschutzerkl\u00e4rung des Blockhausindustrieverbandes Hirsitaloteollisuus ry Die registerf\u00fchrende Stelle hat laut der Datenschutzverordnung die Pflicht, die registrierten Personen verst\u00e4ndlich zu informieren. Diese Erkl\u00e4rung erf\u00fcllt die Informationspflicht. 1. Registerf\u00fchrende Stelle Hirsitaloteollisuus ry (1088918-1)Seppo RomppainenKohverontie 10FI \u2013 88610 Vuokattiinfo@hirsikoti.fi Die Kontaktdaten des Datenschutzbeauftragten und der registerf\u00fchrenden Stelle finden Sie oben. 2. Registrierte Personen MitgliederF\u00f6rdermitgliederAbonnenten des Newsletters des VerbandesPersonen, [&hellip;]<\/p>\n","protected":false},"author":1,"featured_media":201,"parent":0,"menu_order":0,"comment_status":"closed","ping_status":"closed","template":"page-templates\/plain-sub-page.php","meta":{"_acf_changed":false,"footnotes":""},"class_list":["post-387","page","type-page","status-publish","has-post-thumbnail","hentry"],"acf":[],"yoast_head":"<!-- This site is optimized with the Yoast SEO plugin v27.5 - https:\/\/yoast.com\/product\/yoast-seo-wordpress\/ -->\n<title>Data protection | Massivholzhaus<\/title>\n<meta name=\"robots\" content=\"index, follow, max-snippet:-1, max-image-preview:large, max-video-preview:-1\" \/>\n<link rel=\"canonical\" href=\"https:\/\/www.finnishtimberhouse.com\/en\/data-protection\/\" \/>\n<meta property=\"og:locale\" content=\"en_US\" \/>\n<meta property=\"og:type\" content=\"article\" \/>\n<meta property=\"og:title\" content=\"Data protection | Massivholzhaus\" \/>\n<meta property=\"og:description\" content=\"Datenschutzerkl\u00e4rung des Blockhausindustrieverbandes Hirsitaloteollisuus ry Die registerf\u00fchrende Stelle hat laut der Datenschutzverordnung die Pflicht, die registrierten Personen verst\u00e4ndlich zu informieren. Diese Erkl\u00e4rung erf\u00fcllt die Informationspflicht. 1. Registerf\u00fchrende Stelle Hirsitaloteollisuus ry (1088918-1)Seppo RomppainenKohverontie 10FI \u2013 88610 Vuokattiinfo@hirsikoti.fi Die Kontaktdaten des Datenschutzbeauftragten und der registerf\u00fchrenden Stelle finden Sie oben. 2. Registrierte Personen MitgliederF\u00f6rdermitgliederAbonnenten des Newsletters des VerbandesPersonen, [&hellip;]\" \/>\n<meta property=\"og:url\" content=\"https:\/\/www.finnishtimberhouse.com\/en\/data-protection\/\" \/>\n<meta property=\"og:site_name\" content=\"Massivholzhaus\" \/>\n<meta property=\"article:modified_time\" content=\"2022-07-27T12:24:35+00:00\" \/>\n<meta property=\"og:image\" content=\"https:\/\/www.finnishtimberhouse.com\/wp-content\/uploads\/2022\/03\/placeholder-3.jpg\" \/>\n\t<meta property=\"og:image:width\" content=\"1920\" \/>\n\t<meta property=\"og:image:height\" content=\"1280\" \/>\n\t<meta property=\"og:image:type\" content=\"image\/jpeg\" \/>\n<meta name=\"twitter:card\" content=\"summary_large_image\" \/>\n<meta name=\"twitter:label1\" content=\"Est. reading time\" \/>\n\t<meta name=\"twitter:data1\" content=\"5 minutes\" \/>\n<script type=\"application\/ld+json\" class=\"yoast-schema-graph\">{\"@context\":\"https:\\\/\\\/schema.org\",\"@graph\":[{\"@type\":\"WebPage\",\"@id\":\"https:\\\/\\\/www.finnishtimberhouse.com\\\/en\\\/data-protection\\\/\",\"url\":\"https:\\\/\\\/www.finnishtimberhouse.com\\\/en\\\/data-protection\\\/\",\"name\":\"Data protection | Massivholzhaus\",\"isPartOf\":{\"@id\":\"https:\\\/\\\/www.finnishtimberhouse.com\\\/#website\"},\"primaryImageOfPage\":{\"@id\":\"https:\\\/\\\/www.finnishtimberhouse.com\\\/en\\\/data-protection\\\/#primaryimage\"},\"image\":{\"@id\":\"https:\\\/\\\/www.finnishtimberhouse.com\\\/en\\\/data-protection\\\/#primaryimage\"},\"thumbnailUrl\":\"https:\\\/\\\/www.finnishtimberhouse.com\\\/wp-content\\\/uploads\\\/2022\\\/03\\\/placeholder-3.jpg\",\"datePublished\":\"2022-05-04T12:19:16+00:00\",\"dateModified\":\"2022-07-27T12:24:35+00:00\",\"breadcrumb\":{\"@id\":\"https:\\\/\\\/www.finnishtimberhouse.com\\\/en\\\/data-protection\\\/#breadcrumb\"},\"inLanguage\":\"en-US\",\"potentialAction\":[{\"@type\":\"ReadAction\",\"target\":[\"https:\\\/\\\/www.finnishtimberhouse.com\\\/en\\\/data-protection\\\/\"]}]},{\"@type\":\"ImageObject\",\"inLanguage\":\"en-US\",\"@id\":\"https:\\\/\\\/www.finnishtimberhouse.com\\\/en\\\/data-protection\\\/#primaryimage\",\"url\":\"https:\\\/\\\/www.finnishtimberhouse.com\\\/wp-content\\\/uploads\\\/2022\\\/03\\\/placeholder-3.jpg\",\"contentUrl\":\"https:\\\/\\\/www.finnishtimberhouse.com\\\/wp-content\\\/uploads\\\/2022\\\/03\\\/placeholder-3.jpg\",\"width\":1920,\"height\":1280},{\"@type\":\"BreadcrumbList\",\"@id\":\"https:\\\/\\\/www.finnishtimberhouse.com\\\/en\\\/data-protection\\\/#breadcrumb\",\"itemListElement\":[{\"@type\":\"ListItem\",\"position\":1,\"name\":\"Etusivu\",\"item\":\"https:\\\/\\\/www.finnishtimberhouse.com\\\/en\\\/\"},{\"@type\":\"ListItem\",\"position\":2,\"name\":\"Data protection\"}]},{\"@type\":\"WebSite\",\"@id\":\"https:\\\/\\\/www.finnishtimberhouse.com\\\/#website\",\"url\":\"https:\\\/\\\/www.finnishtimberhouse.com\\\/\",\"name\":\"Massivholzhaus\",\"description\":\"Finnische Massivholzh\u00e4user\",\"potentialAction\":[{\"@type\":\"SearchAction\",\"target\":{\"@type\":\"EntryPoint\",\"urlTemplate\":\"https:\\\/\\\/www.finnishtimberhouse.com\\\/?s={search_term_string}\"},\"query-input\":{\"@type\":\"PropertyValueSpecification\",\"valueRequired\":true,\"valueName\":\"search_term_string\"}}],\"inLanguage\":\"en-US\"}]}<\/script>\n<!-- \/ Yoast SEO plugin. -->","yoast_head_json":{"title":"Data protection | Massivholzhaus","robots":{"index":"index","follow":"follow","max-snippet":"max-snippet:-1","max-image-preview":"max-image-preview:large","max-video-preview":"max-video-preview:-1"},"canonical":"https:\/\/www.finnishtimberhouse.com\/en\/data-protection\/","og_locale":"en_US","og_type":"article","og_title":"Data protection | Massivholzhaus","og_description":"Datenschutzerkl\u00e4rung des Blockhausindustrieverbandes Hirsitaloteollisuus ry Die registerf\u00fchrende Stelle hat laut der Datenschutzverordnung die Pflicht, die registrierten Personen verst\u00e4ndlich zu informieren. Diese Erkl\u00e4rung erf\u00fcllt die Informationspflicht. 1. Registerf\u00fchrende Stelle Hirsitaloteollisuus ry (1088918-1)Seppo RomppainenKohverontie 10FI \u2013 88610 Vuokattiinfo@hirsikoti.fi Die Kontaktdaten des Datenschutzbeauftragten und der registerf\u00fchrenden Stelle finden Sie oben. 2. Registrierte Personen MitgliederF\u00f6rdermitgliederAbonnenten des Newsletters des VerbandesPersonen, [&hellip;]","og_url":"https:\/\/www.finnishtimberhouse.com\/en\/data-protection\/","og_site_name":"Massivholzhaus","article_modified_time":"2022-07-27T12:24:35+00:00","og_image":[{"width":1920,"height":1280,"url":"https:\/\/www.finnishtimberhouse.com\/wp-content\/uploads\/2022\/03\/placeholder-3.jpg","type":"image\/jpeg"}],"twitter_card":"summary_large_image","twitter_misc":{"Est. reading time":"5 minutes"},"schema":{"@context":"https:\/\/schema.org","@graph":[{"@type":"WebPage","@id":"https:\/\/www.finnishtimberhouse.com\/en\/data-protection\/","url":"https:\/\/www.finnishtimberhouse.com\/en\/data-protection\/","name":"Data protection | Massivholzhaus","isPartOf":{"@id":"https:\/\/www.finnishtimberhouse.com\/#website"},"primaryImageOfPage":{"@id":"https:\/\/www.finnishtimberhouse.com\/en\/data-protection\/#primaryimage"},"image":{"@id":"https:\/\/www.finnishtimberhouse.com\/en\/data-protection\/#primaryimage"},"thumbnailUrl":"https:\/\/www.finnishtimberhouse.com\/wp-content\/uploads\/2022\/03\/placeholder-3.jpg","datePublished":"2022-05-04T12:19:16+00:00","dateModified":"2022-07-27T12:24:35+00:00","breadcrumb":{"@id":"https:\/\/www.finnishtimberhouse.com\/en\/data-protection\/#breadcrumb"},"inLanguage":"en-US","potentialAction":[{"@type":"ReadAction","target":["https:\/\/www.finnishtimberhouse.com\/en\/data-protection\/"]}]},{"@type":"ImageObject","inLanguage":"en-US","@id":"https:\/\/www.finnishtimberhouse.com\/en\/data-protection\/#primaryimage","url":"https:\/\/www.finnishtimberhouse.com\/wp-content\/uploads\/2022\/03\/placeholder-3.jpg","contentUrl":"https:\/\/www.finnishtimberhouse.com\/wp-content\/uploads\/2022\/03\/placeholder-3.jpg","width":1920,"height":1280},{"@type":"BreadcrumbList","@id":"https:\/\/www.finnishtimberhouse.com\/en\/data-protection\/#breadcrumb","itemListElement":[{"@type":"ListItem","position":1,"name":"Etusivu","item":"https:\/\/www.finnishtimberhouse.com\/en\/"},{"@type":"ListItem","position":2,"name":"Data protection"}]},{"@type":"WebSite","@id":"https:\/\/www.finnishtimberhouse.com\/#website","url":"https:\/\/www.finnishtimberhouse.com\/","name":"Massivholzhaus","description":"Finnische Massivholzh\u00e4user","potentialAction":[{"@type":"SearchAction","target":{"@type":"EntryPoint","urlTemplate":"https:\/\/www.finnishtimberhouse.com\/?s={search_term_string}"},"query-input":{"@type":"PropertyValueSpecification","valueRequired":true,"valueName":"search_term_string"}}],"inLanguage":"en-US"}]}},"_links":{"self":[{"href":"https:\/\/www.finnishtimberhouse.com\/en\/wp-json\/wp\/v2\/pages\/387","targetHints":{"allow":["GET"]}}],"collection":[{"href":"https:\/\/www.finnishtimberhouse.com\/en\/wp-json\/wp\/v2\/pages"}],"about":[{"href":"https:\/\/www.finnishtimberhouse.com\/en\/wp-json\/wp\/v2\/types\/page"}],"author":[{"embeddable":true,"href":"https:\/\/www.finnishtimberhouse.com\/en\/wp-json\/wp\/v2\/users\/1"}],"replies":[{"embeddable":true,"href":"https:\/\/www.finnishtimberhouse.com\/en\/wp-json\/wp\/v2\/comments?post=387"}],"version-history":[{"count":1,"href":"https:\/\/www.finnishtimberhouse.com\/en\/wp-json\/wp\/v2\/pages\/387\/revisions"}],"predecessor-version":[{"id":388,"href":"https:\/\/www.finnishtimberhouse.com\/en\/wp-json\/wp\/v2\/pages\/387\/revisions\/388"}],"wp:featuredmedia":[{"embeddable":true,"href":"https:\/\/www.finnishtimberhouse.com\/en\/wp-json\/wp\/v2\/media\/201"}],"wp:attachment":[{"href":"https:\/\/www.finnishtimberhouse.com\/en\/wp-json\/wp\/v2\/media?parent=387"}],"curies":[{"name":"wp","href":"https:\/\/api.w.org\/{rel}","templated":true}]}}